{"id":274,"date":"2019-12-03T18:40:57","date_gmt":"2019-12-03T18:40:57","guid":{"rendered":"http:\/\/www.jordforeningen.no\/?page_id=274"},"modified":"2022-08-13T01:34:41","modified_gmt":"2022-08-12T23:34:41","slug":"medlemskap-i-jordforeningen","status":"publish","type":"page","link":"https:\/\/www.jordforeningen.no\/?page_id=274","title":{"rendered":"Medlemskap"},"content":{"rendered":"\n<div class=\"wp-block-themeisle-blocks-advanced-columns has-1-columns has-desktop-equal-layout has-tablet-equal-layout has-mobile-equal-layout has-default-gap has-vertical-unset\" id=\"wp-block-themeisle-blocks-advanced-columns-efc65cad\"><div class=\"wp-block-themeisle-blocks-advanced-columns-overlay\"><\/div><div class=\"innerblocks-wrap\">\n<div class=\"wp-block-themeisle-blocks-advanced-column\" id=\"wp-block-themeisle-blocks-advanced-column-7d1e9615\">\n<p>Jordforeningen er \u00e5pen for alle som er interessert i jord\n(se Om Jordforeningen).<\/p>\n\n\n\n<p>Vil du bli medlem? Kontakt Jordforeningen v\/ Else Villadsen (else.villadsen@nlr.no) og oppgi informasjon om navn, adresse, mail og evt telefonnummer. Du vil da motta betalingsinformasjon (Vipps, nettbank) og senere bekreftelse p\u00e5 medlemskap.<\/p>\n\n\n\n<p>Jordforeningen er en medlemsforening og dekker alle sine\nutgifter gjennom medlemsavgift.<\/p>\n\n\n\n<p>Medlemskap koster kr 200,-\/\u00e5r for ordin\u00e6re medlemmer, og kr\n100,-\/\u00e5r for studenter.<\/p>\n\n\n\n<p>Medlemsavgiften g\u00e5r hovedsakelig til dekking av utgifter ifb. \u00e5pne arrangementer. Styret f\u00e5r ingen godtgj\u00f8relse.<\/p>\n<\/div>\n<\/div><\/div>\n","protected":false},"excerpt":{"rendered":"","protected":false},"author":1,"featured_media":0,"parent":0,"menu_order":0,"comment_status":"closed","ping_status":"closed","template":"","meta":[],"_links":{"self":[{"href":"https:\/\/www.jordforeningen.no\/index.php?rest_route=\/wp\/v2\/pages\/274"}],"collection":[{"href":"https:\/\/www.jordforeningen.no\/index.php?rest_route=\/wp\/v2\/pages"}],"about":[{"href":"https:\/\/www.jordforeningen.no\/index.php?rest_route=\/wp\/v2\/types\/page"}],"author":[{"embeddable":true,"href":"https:\/\/www.jordforeningen.no\/index.php?rest_route=\/wp\/v2\/users\/1"}],"replies":[{"embeddable":true,"href":"https:\/\/www.jordforeningen.no\/index.php?rest_route=%2Fwp%2Fv2%2Fcomments&post=274"}],"version-history":[{"count":4,"href":"https:\/\/www.jordforeningen.no\/index.php?rest_route=\/wp\/v2\/pages\/274\/revisions"}],"predecessor-version":[{"id":571,"href":"https:\/\/www.jordforeningen.no\/index.php?rest_route=\/wp\/v2\/pages\/274\/revisions\/571"}],"wp:attachment":[{"href":"https:\/\/www.jordforeningen.no\/index.php?rest_route=%2Fwp%2Fv2%2Fmedia&parent=274"}],"curies":[{"name":"wp","href":"https:\/\/api.w.org\/{rel}","templated":true}]}}