{"id":498,"date":"2022-08-11T13:00:06","date_gmt":"2022-08-11T11:00:06","guid":{"rendered":"http:\/\/www.jordforeningen.no\/?page_id=498"},"modified":"2023-11-22T11:03:31","modified_gmt":"2023-11-22T10:03:31","slug":"velkommen-til-norsk-jordforeningen","status":"publish","type":"page","link":"https:\/\/www.jordforeningen.no\/","title":{"rendered":"Velkommen til Norsk Jordforening"},"content":{"rendered":"\n<div class=\"wp-block-media-text\" style=\"grid-template-columns:53% auto\"><figure class=\"wp-block-media-text__media\"><img loading=\"lazy\" width=\"1024\" height=\"369\" src=\"https:\/\/www.jordforeningen.no\/wp-content\/uploads\/2023\/11\/IUSS_2024_banner_2048x737_231026-1024x369-2.jpg\" alt=\"\" class=\"wp-image-693 size-full\" srcset=\"https:\/\/www.jordforeningen.no\/wp-content\/uploads\/2023\/11\/IUSS_2024_banner_2048x737_231026-1024x369-2.jpg 1024w, https:\/\/www.jordforeningen.no\/wp-content\/uploads\/2023\/11\/IUSS_2024_banner_2048x737_231026-1024x369-2-300x108.jpg 300w, https:\/\/www.jordforeningen.no\/wp-content\/uploads\/2023\/11\/IUSS_2024_banner_2048x737_231026-1024x369-2-768x277.jpg 768w\" sizes=\"(max-width: 1024px) 100vw, 1024px\" \/><\/figure><div class=\"wp-block-media-text__content\">\n<p class=\"has-medium-font-size\"><strong>Centennial av IUSS er \u00e5pne for abstracts <\/strong><\/p>\n\n\n\n<p class=\"has-medium-font-size\">Mer info <a href=\"https:\/\/www.jordforeningen.no\/?p=689\">her<\/a><\/p>\n<\/div><\/div>\n\n\n\n<section class=\"wp-block-themeisle-blocks-advanced-columns has-2-columns has-desktop-equal-layout has-tablet-equal-layout has-mobile-collapsedRows-layout has-extended-gap has-vertical-center\" id=\"wp-block-themeisle-blocks-advanced-columns-eb955bc2\"><div class=\"wp-block-themeisle-blocks-advanced-columns-overlay\"><\/div><div class=\"innerblocks-wrap\">\n<div class=\"wp-block-themeisle-blocks-advanced-column\" id=\"wp-block-themeisle-blocks-advanced-column-1ecb86cb\">\n<h2 class=\"has-text-align-left\"><strong>JORDFORENINGEN<\/strong><\/h2>\n\n\n\n<figure class=\"wp-block-image size-large\"><img loading=\"lazy\" width=\"1024\" height=\"286\" src=\"http:\/\/www.jordforeningen.no\/wp-content\/uploads\/2023\/03\/Banner-1-1024x286.jpg\" alt=\"\" class=\"wp-image-678\" srcset=\"https:\/\/www.jordforeningen.no\/wp-content\/uploads\/2023\/03\/Banner-1-1024x286.jpg 1024w, https:\/\/www.jordforeningen.no\/wp-content\/uploads\/2023\/03\/Banner-1-300x84.jpg 300w, https:\/\/www.jordforeningen.no\/wp-content\/uploads\/2023\/03\/Banner-1-768x214.jpg 768w, https:\/\/www.jordforeningen.no\/wp-content\/uploads\/2023\/03\/Banner-1-1536x429.jpg 1536w, https:\/\/www.jordforeningen.no\/wp-content\/uploads\/2023\/03\/Banner-1-2048x572.jpg 2048w\" sizes=\"(max-width: 1024px) 100vw, 1024px\" \/><\/figure>\n\n\n\n<p>er en ideell organisasjon hvis form\u00e5l er \u00e5 fremme interessen for jordfag i Norge. Jordforeningen er \u00e5pen for alle som er interessert i jord. <\/p>\n\n\n\n<div class=\"wp-container-1 wp-block-buttons\">\n<div class=\"wp-block-button\"><a class=\"wp-block-button__link\" href=\"http:\/\/www.jordforeningen.no\/?cat=7\">Faglig nytt<\/a><\/div>\n\n\n\n<div class=\"wp-block-button\"><a class=\"wp-block-button__link\" href=\"http:\/\/www.jordforeningen.no\/?cat=8\">Fra Jordforeningen<\/a><\/div>\n<\/div>\n<\/div>\n\n\n\n<div class=\"wp-block-themeisle-blocks-advanced-column\" id=\"wp-block-themeisle-blocks-advanced-column-ec8117c6\"><\/div>\n<\/div><\/section>\n","protected":false},"excerpt":{"rendered":"<p>Centennial av IUSS er \u00e5pne for abstracts Mer info her<\/p>\n","protected":false},"author":1,"featured_media":0,"parent":0,"menu_order":0,"comment_status":"closed","ping_status":"closed","template":"","meta":[],"_links":{"self":[{"href":"https:\/\/www.jordforeningen.no\/index.php?rest_route=\/wp\/v2\/pages\/498"}],"collection":[{"href":"https:\/\/www.jordforeningen.no\/index.php?rest_route=\/wp\/v2\/pages"}],"about":[{"href":"https:\/\/www.jordforeningen.no\/index.php?rest_route=\/wp\/v2\/types\/page"}],"author":[{"embeddable":true,"href":"https:\/\/www.jordforeningen.no\/index.php?rest_route=\/wp\/v2\/users\/1"}],"replies":[{"embeddable":true,"href":"https:\/\/www.jordforeningen.no\/index.php?rest_route=%2Fwp%2Fv2%2Fcomments&post=498"}],"version-history":[{"count":41,"href":"https:\/\/www.jordforeningen.no\/index.php?rest_route=\/wp\/v2\/pages\/498\/revisions"}],"predecessor-version":[{"id":698,"href":"https:\/\/www.jordforeningen.no\/index.php?rest_route=\/wp\/v2\/pages\/498\/revisions\/698"}],"wp:attachment":[{"href":"https:\/\/www.jordforeningen.no\/index.php?rest_route=%2Fwp%2Fv2%2Fmedia&parent=498"}],"curies":[{"name":"wp","href":"https:\/\/api.w.org\/{rel}","templated":true}]}}