{"id":76,"date":"2018-04-05T11:38:20","date_gmt":"2018-04-05T11:38:20","guid":{"rendered":"http:\/\/www.jordforeningen.no\/?page_id=76"},"modified":"2022-08-13T01:33:50","modified_gmt":"2022-08-12T23:33:50","slug":"om-jordforeningen","status":"publish","type":"page","link":"https:\/\/www.jordforeningen.no\/?page_id=76","title":{"rendered":"Om Jordforeningen"},"content":{"rendered":"<p><strong>Norsk Jordforening<\/strong>, ogs\u00e5 kalt <strong>Jordforeningen<\/strong>, er en ideell organisasjon hvis form\u00e5l er \u00e5 fremme interessen for jordfag i Norge.<\/p>\n<p>Jordforeningen er medlem av\u00a0<a style=\"background-color: #ffffff;\" href=\"http:\/\/www.iuss.org\/\" target=\"_blank\" rel=\"noopener noreferrer\">International Union of Soil Sciences (IUSS)<\/a>, og foreningens fagomr\u00e5der er sammenfallende med IUSS.<\/p>\n<p>Styret best\u00e5r av:<\/p>\n<table style=\"height: 926px;\" border=\"0\" width=\"557\">\n<tbody>\n<tr>\n<td><img loading=\"lazy\" src=\"http:\/\/www.jordforeningen.no\/wp-content\/uploads\/2019\/07\/Erik-Joner_jpg.jpg\" alt=\"\" width=\"112\" height=\"112\" class=\"wp-image-244 alignleft\" srcset=\"https:\/\/www.jordforeningen.no\/wp-content\/uploads\/2019\/07\/Erik-Joner_jpg.jpg 300w, https:\/\/www.jordforeningen.no\/wp-content\/uploads\/2019\/07\/Erik-Joner_jpg-150x150.jpg 150w\" sizes=\"(max-width: 112px) 100vw, 112px\" \/><\/td>\n<td>Erik Joner<\/td>\n<td><em>Leder<\/em><\/td>\n<td><a href=\"mailto:erik.joner@nibio.no\">erik.joner@nibio.no<\/a><\/td>\n<\/tr>\n<tr>\n<td><img loading=\"lazy\" src=\"http:\/\/www.jordforeningen.no\/wp-content\/uploads\/2018\/05\/Singh2-235x300.jpg\" alt=\"\" width=\"96\" height=\"123\" class=\"wp-image-121 alignleft\" \/><\/td>\n<td>Bal Ram Singh<\/td>\n<td><em>Nestleder<\/em><\/td>\n<td><a href=\"mailto:balram.singh@nmbu.no\">balram.singh@nmbu.no<\/a><\/td>\n<\/tr>\n<tr>\n<td><img loading=\"lazy\" src=\"http:\/\/www.jordforeningen.no\/wp-content\/uploads\/2019\/11\/Per-R-H-225x300.jpg\" alt=\"\" width=\"97\" height=\"130\" class=\"wp-image-252 alignleft\" srcset=\"https:\/\/www.jordforeningen.no\/wp-content\/uploads\/2019\/11\/Per-R-H-225x300.jpg 225w, https:\/\/www.jordforeningen.no\/wp-content\/uploads\/2019\/11\/Per-R-H-768x1023.jpg 768w, https:\/\/www.jordforeningen.no\/wp-content\/uploads\/2019\/11\/Per-R-H-769x1024.jpg 769w, https:\/\/www.jordforeningen.no\/wp-content\/uploads\/2019\/11\/Per-R-H.jpg 960w\" sizes=\"(max-width: 97px) 100vw, 97px\" \/><\/td>\n<td>Per R\u00f8nneberg Hauge<\/td>\n<td><em>Kasserer<\/em><\/td>\n<td><a href=\"https:\/\/www.statsforvalteren.no\/oslo-og-viken\/ansatte\/#\" key=\"KJn1.IZEh7UALGP36M25vHkclaSsd8 gib4CjquYNQTzO9Vey0DRxFoBrXft@pwmWvSw1scQ8w wiJb bm..N8YgxBoT\" class=\"xxemxx\" title=\"Send e-post: Per R\u00f8nneberg Hauge\"><span class=\"yyemyy\" key=\"VgLjnI.Ff4NSqQz3TDEA2G7PalJsrb@pwoxcKHM Ye1yZ98ht6BvmkCUi5ROWduX0c3RsuW30uAdGgt4IbjIbPSlC5iG\">fmbuprh@statsforvalteren.no<\/span><\/a><\/td>\n<\/tr>\n<tr>\n<td><img loading=\"lazy\" src=\"http:\/\/www.jordforeningen.no\/wp-content\/uploads\/2022\/02\/Robert_Barneveld-small.jpg\" alt=\"\" width=\"112\" height=\"105\" class=\"alignnone wp-image-422\" \/><\/td>\n<td>Robert Barneveld<\/td>\n<td><em>Varamedlem<\/em><\/td>\n<td>robert.barneveld@nibio.no<\/td>\n<\/tr>\n<tr>\n<td><img loading=\"lazy\" src=\"http:\/\/www.jordforeningen.no\/wp-content\/uploads\/2022\/06\/Sissel-H-150x150.jpg\" alt=\"\" width=\"105\" height=\"105\" class=\"alignleft wp-image-443\" srcset=\"https:\/\/www.jordforeningen.no\/wp-content\/uploads\/2022\/06\/Sissel-H-150x150.jpg 150w, https:\/\/www.jordforeningen.no\/wp-content\/uploads\/2022\/06\/Sissel-H-300x300.jpg 300w, https:\/\/www.jordforeningen.no\/wp-content\/uploads\/2022\/06\/Sissel-H-768x771.jpg 768w, https:\/\/www.jordforeningen.no\/wp-content\/uploads\/2022\/06\/Sissel-H.jpg 955w\" sizes=\"(max-width: 105px) 100vw, 105px\" \/><\/td>\n<td>Sissel Hansen<\/td>\n<td><em style=\"font-family: inherit; font-weight: inherit;\">Styremedlem<\/em><\/td>\n<td><a href=\"mailto:sissel.hansen@norsok.no\">sissel.hansen@norsok.no<\/a><\/td>\n<\/tr>\n<tr>\n<td><img loading=\"lazy\" src=\"http:\/\/www.jordforeningen.no\/wp-content\/uploads\/2022\/06\/Else-profilbilde-150x150.jpg\" alt=\"\" width=\"105\" height=\"157\" class=\"alignleft wp-image-442\" srcset=\"https:\/\/www.jordforeningen.no\/wp-content\/uploads\/2022\/06\/Else-profilbilde-200x300.jpg 200w, https:\/\/www.jordforeningen.no\/wp-content\/uploads\/2022\/06\/Else-profilbilde-683x1024.jpg 683w, https:\/\/www.jordforeningen.no\/wp-content\/uploads\/2022\/06\/Else-profilbilde-768x1152.jpg 768w, https:\/\/www.jordforeningen.no\/wp-content\/uploads\/2022\/06\/Else-profilbilde-1024x1536.jpg 1024w, https:\/\/www.jordforeningen.no\/wp-content\/uploads\/2022\/06\/Else-profilbilde-1365x2048.jpg 1365w, https:\/\/www.jordforeningen.no\/wp-content\/uploads\/2022\/06\/Else-profilbilde-scaled.jpg 1707w\" sizes=\"(max-width: 105px) 100vw, 105px\" \/><\/td>\n<td>Else Villadsen<\/td>\n<td><em style=\"font-family: inherit; font-weight: inherit;\">Styremedlem<\/em><\/td>\n<td><a href=\"mailto:else.villadsen@nlr.no\">else.villadsen@nlr.no<\/a><\/td>\n<\/tr>\n<tr>\n<td><img loading=\"lazy\" src=\"http:\/\/www.jordforeningen.no\/wp-content\/uploads\/2022\/06\/SIV-ID-2-150x150.jpg\" alt=\"\" width=\"105\" height=\"137\" class=\"alignleft wp-image-444\" srcset=\"https:\/\/www.jordforeningen.no\/wp-content\/uploads\/2022\/06\/SIV-ID-2-230x300.jpg 230w, https:\/\/www.jordforeningen.no\/wp-content\/uploads\/2022\/06\/SIV-ID-2-784x1024.jpg 784w, https:\/\/www.jordforeningen.no\/wp-content\/uploads\/2022\/06\/SIV-ID-2-768x1003.jpg 768w, https:\/\/www.jordforeningen.no\/wp-content\/uploads\/2022\/06\/SIV-ID-2.jpg 1006w\" sizes=\"(max-width: 105px) 100vw, 105px\" \/><\/td>\n<td>Siv Mari Aurdal<\/td>\n<td><em>Varamedlem<\/em><\/td>\n<td><a href=\"mailto:siv.aurdal@nmbu.no\">siv.aurdal@nmbu.no<\/a><\/td>\n<\/tr>\n<\/tbody>\n<\/table>\n","protected":false},"excerpt":{"rendered":"<p>Norsk Jordforening, ogs\u00e5 kalt Jordforeningen, er en ideell organisasjon hvis form\u00e5l er \u00e5 fremme interessen for jordfag i Norge. Jordforeningen er medlem av\u00a0International Union of Soil Sciences (IUSS), og foreningens fagomr\u00e5der er sammenfallende med IUSS. Styret best\u00e5r av: Erik Joner Leder erik.joner@nibio.no Bal Ram Singh Nestleder balram.singh@nmbu.no Per R\u00f8nneberg Hauge [&hellip;]<\/p>\n","protected":false},"author":1,"featured_media":64,"parent":0,"menu_order":0,"comment_status":"closed","ping_status":"closed","template":"","meta":[],"_links":{"self":[{"href":"https:\/\/www.jordforeningen.no\/index.php?rest_route=\/wp\/v2\/pages\/76"}],"collection":[{"href":"https:\/\/www.jordforeningen.no\/index.php?rest_route=\/wp\/v2\/pages"}],"about":[{"href":"https:\/\/www.jordforeningen.no\/index.php?rest_route=\/wp\/v2\/types\/page"}],"author":[{"embeddable":true,"href":"https:\/\/www.jordforeningen.no\/index.php?rest_route=\/wp\/v2\/users\/1"}],"replies":[{"embeddable":true,"href":"https:\/\/www.jordforeningen.no\/index.php?rest_route=%2Fwp%2Fv2%2Fcomments&post=76"}],"version-history":[{"count":34,"href":"https:\/\/www.jordforeningen.no\/index.php?rest_route=\/wp\/v2\/pages\/76\/revisions"}],"predecessor-version":[{"id":445,"href":"https:\/\/www.jordforeningen.no\/index.php?rest_route=\/wp\/v2\/pages\/76\/revisions\/445"}],"wp:featuredmedia":[{"embeddable":true,"href":"https:\/\/www.jordforeningen.no\/index.php?rest_route=\/wp\/v2\/media\/64"}],"wp:attachment":[{"href":"https:\/\/www.jordforeningen.no\/index.php?rest_route=%2Fwp%2Fv2%2Fmedia&parent=76"}],"curies":[{"name":"wp","href":"https:\/\/api.w.org\/{rel}","templated":true}]}}