{"id":89,"date":"2018-05-02T13:04:10","date_gmt":"2018-05-02T13:04:10","guid":{"rendered":"http:\/\/www.jordforeningen.no\/?page_id=89"},"modified":"2018-05-02T18:39:44","modified_gmt":"2018-05-02T18:39:44","slug":"norske-jordarter-bok","status":"publish","type":"page","link":"https:\/\/www.jordforeningen.no\/?page_id=89","title":{"rendered":"Norske jordarter bok"},"content":{"rendered":"<p>&nbsp;<\/p>\n<p>&nbsp;<\/p>\n<p>Norske jordarter boken, skrevet av Per J\u00f8rgensen, Rolf S\u00f8rensen og Olav Prestvik, er publisert p\u00e5 jordforeningens hjemmesiden.<\/p>\n<p><em>Klikk p\u00e5 forsiden under for \u00e5 \u00e5pne boken\u00a0<\/em>(det tar litt tid!).<\/p>\n<p><a href=\"http:\/\/www.jordforeningen.no\/wp-content\/uploads\/2018\/05\/Norske_jordarter.pdf\" target=\"_blank\" rel=\"noopener\"><img loading=\"lazy\" class=\"wp-image-91 alignleft\" src=\"http:\/\/www.jordforeningen.no\/wp-content\/uploads\/2018\/05\/Norske_jordarter_Forside.png\" alt=\"\" width=\"87\" height=\"123\" \/><\/a><\/p>\n","protected":false},"excerpt":{"rendered":"<p>&nbsp; &nbsp; Norske jordarter boken, skrevet av Per J\u00f8rgensen, Rolf S\u00f8rensen og Olav Prestvik, er publisert p\u00e5 jordforeningens hjemmesiden. Klikk p\u00e5 forsiden under for \u00e5 \u00e5pne boken\u00a0(det tar litt tid!).<\/p>\n","protected":false},"author":1,"featured_media":0,"parent":0,"menu_order":0,"comment_status":"closed","ping_status":"closed","template":"","meta":[],"_links":{"self":[{"href":"https:\/\/www.jordforeningen.no\/index.php?rest_route=\/wp\/v2\/pages\/89"}],"collection":[{"href":"https:\/\/www.jordforeningen.no\/index.php?rest_route=\/wp\/v2\/pages"}],"about":[{"href":"https:\/\/www.jordforeningen.no\/index.php?rest_route=\/wp\/v2\/types\/page"}],"author":[{"embeddable":true,"href":"https:\/\/www.jordforeningen.no\/index.php?rest_route=\/wp\/v2\/users\/1"}],"replies":[{"embeddable":true,"href":"https:\/\/www.jordforeningen.no\/index.php?rest_route=%2Fwp%2Fv2%2Fcomments&post=89"}],"version-history":[{"count":6,"href":"https:\/\/www.jordforeningen.no\/index.php?rest_route=\/wp\/v2\/pages\/89\/revisions"}],"predecessor-version":[{"id":104,"href":"https:\/\/www.jordforeningen.no\/index.php?rest_route=\/wp\/v2\/pages\/89\/revisions\/104"}],"wp:attachment":[{"href":"https:\/\/www.jordforeningen.no\/index.php?rest_route=%2Fwp%2Fv2%2Fmedia&parent=89"}],"curies":[{"name":"wp","href":"https:\/\/api.w.org\/{rel}","templated":true}]}}